{"id":15,"date":"2021-07-26T20:21:21","date_gmt":"2021-07-26T18:21:21","guid":{"rendered":"https:\/\/www.tutto.rs\/auto-skola\/?page_id=15"},"modified":"2025-05-17T11:45:31","modified_gmt":"2025-05-17T09:45:31","slug":"bezbednost","status":"publish","type":"page","link":"https:\/\/www.tutto.rs\/auto-skola\/bezbednost\/","title":{"rendered":"Bezbednost"},"content":{"rendered":"\t\t<div data-elementor-type=\"wp-page\" data-elementor-id=\"15\" class=\"elementor elementor-15\" data-elementor-post-type=\"page\">\n\t\t\t\t\t\t<section class=\"elementor-section elementor-top-section elementor-element elementor-element-aa28f70 elementor-section-stretched elementor-section-boxed elementor-section-height-default elementor-section-height-default\" data-id=\"aa28f70\" data-element_type=\"section\" data-e-type=\"section\" data-settings=\"{&quot;stretch_section&quot;:&quot;section-stretched&quot;,&quot;background_background&quot;:&quot;classic&quot;}\">\n\t\t\t\t\t\t\t<div class=\"elementor-background-overlay\"><\/div>\n\t\t\t\t\t\t\t<div class=\"elementor-container elementor-column-gap-no\">\n\t\t\t\t\t<div class=\"elementor-column elementor-col-100 elementor-top-column elementor-element elementor-element-cc75a46\" data-id=\"cc75a46\" data-element_type=\"column\" data-e-type=\"column\">\n\t\t\t<div class=\"elementor-widget-wrap elementor-element-populated\">\n\t\t\t\t\t\t<div class=\"elementor-element elementor-element-a0e9875 elementor-headline--style-highlight elementor-widget elementor-widget-animated-headline\" data-id=\"a0e9875\" data-element_type=\"widget\" data-e-type=\"widget\" data-settings=\"{&quot;highlighted_text&quot;:&quot; &lt;span class=\\&quot;color\\&quot;&gt;bezbedno &lt;\\\/span&gt;&quot;,&quot;highlight_iteration_delay&quot;:5000,&quot;headline_style&quot;:&quot;highlight&quot;,&quot;marker&quot;:&quot;circle&quot;,&quot;loop&quot;:&quot;yes&quot;,&quot;highlight_animation_duration&quot;:1200}\" data-widget_type=\"animated-headline.default\">\n\t\t\t\t<div class=\"elementor-widget-container\">\n\t\t\t\t\t\t\t<h3 class=\"elementor-headline\">\n\t\t\t\t\t<span class=\"elementor-headline-plain-text elementor-headline-text-wrapper\">Nau\u010di da vozi\u0161<\/span>\n\t\t\t\t<span class=\"elementor-headline-dynamic-wrapper elementor-headline-text-wrapper\">\n\t\t\t\t\t<span class=\"elementor-headline-dynamic-text elementor-headline-text-active\"> <span class=\"color\">bezbedno <\/span><\/span>\n\t\t\t\t<\/span>\n\t\t\t\t<\/h3>\n\t\t\t\t\t\t<\/div>\n\t\t\t\t<\/div>\n\t\t\t\t<div class=\"elementor-element elementor-element-ab9ffd9 elementor-widget elementor-widget-text-editor\" data-id=\"ab9ffd9\" data-element_type=\"widget\" data-e-type=\"widget\" data-widget_type=\"text-editor.default\">\n\t\t\t\t<div class=\"elementor-widget-container\">\n\t\t\t\t\t\t\t\t\t<p>Na\u0161a <strong>Auto \u0161kola<\/strong> \u0107e Vam omogu\u0107iti da u komfornim vozilima i prijatnom ambijentu vozite i u\u010dite vo\u017enju, uz konstantnu pa\u017enju i bezbednosne savete na\u0161ih instruktora.<\/p>\t\t\t\t\t\t\t\t<\/div>\n\t\t\t\t<\/div>\n\t\t\t\t<div class=\"elementor-element elementor-element-6d82685 elementor-widget__width-auto elementor-invisible elementor-widget elementor-widget-driving_school_action_button\" data-id=\"6d82685\" data-element_type=\"widget\" data-e-type=\"widget\" data-settings=\"{&quot;_animation&quot;:&quot;flash&quot;}\" data-widget_type=\"driving_school_action_button.default\">\n\t\t\t\t<div class=\"elementor-widget-container\">\n\t\t\t\t\t\t\t\t<a class=\"btn\" href=\"#\" data-toggle=\"modal\" data-target=\"#ModalOrderPackage1291\">Upi\u0161i onlajn<\/a>\n\t\t\t\t\t\t\t\t\t<\/div>\n\t\t\t\t<\/div>\n\t\t\t\t\t<\/div>\n\t\t<\/div>\n\t\t\t\t\t<\/div>\n\t\t<\/section>\n\t\t\t\t<section class=\"elementor-section elementor-top-section elementor-element elementor-element-203f5de elementor-section-stretched elementor-section-boxed elementor-section-height-default elementor-section-height-default\" data-id=\"203f5de\" data-element_type=\"section\" data-e-type=\"section\" data-settings=\"{&quot;stretch_section&quot;:&quot;section-stretched&quot;,&quot;background_background&quot;:&quot;classic&quot;}\">\n\t\t\t\t\t\t<div class=\"elementor-container elementor-column-gap-extended\">\n\t\t\t\t\t<div class=\"elementor-column elementor-col-50 elementor-top-column elementor-element elementor-element-90aa09a\" data-id=\"90aa09a\" data-element_type=\"column\" data-e-type=\"column\" data-settings=\"{&quot;background_background&quot;:&quot;classic&quot;}\">\n\t\t\t<div class=\"elementor-widget-wrap elementor-element-populated\">\n\t\t\t\t\t\t<div class=\"elementor-element elementor-element-e7c316b elementor-widget elementor-widget-image\" data-id=\"e7c316b\" data-element_type=\"widget\" data-e-type=\"widget\" data-widget_type=\"image.default\">\n\t\t\t\t<div class=\"elementor-widget-container\">\n\t\t\t\t\t\t\t\t\t\t\t\t\t\t\t<img fetchpriority=\"high\" decoding=\"async\" width=\"1920\" height=\"1282\" src=\"https:\/\/www.tutto.rs\/auto-skola\/wp-content\/uploads\/2021\/08\/auto-skola-beograd-2.jpg\" class=\"attachment-full size-full wp-image-4571\" alt=\"\" srcset=\"https:\/\/www.tutto.rs\/auto-skola\/wp-content\/uploads\/2021\/08\/auto-skola-beograd-2.jpg 1920w, https:\/\/www.tutto.rs\/auto-skola\/wp-content\/uploads\/2021\/08\/auto-skola-beograd-2-300x200.jpg 300w, https:\/\/www.tutto.rs\/auto-skola\/wp-content\/uploads\/2021\/08\/auto-skola-beograd-2-1024x684.jpg 1024w, https:\/\/www.tutto.rs\/auto-skola\/wp-content\/uploads\/2021\/08\/auto-skola-beograd-2-768x513.jpg 768w, https:\/\/www.tutto.rs\/auto-skola\/wp-content\/uploads\/2021\/08\/auto-skola-beograd-2-1536x1026.jpg 1536w, https:\/\/www.tutto.rs\/auto-skola\/wp-content\/uploads\/2021\/08\/auto-skola-beograd-2-723x483.jpg 723w, https:\/\/www.tutto.rs\/auto-skola\/wp-content\/uploads\/2021\/08\/auto-skola-beograd-2-391x261.jpg 391w, https:\/\/www.tutto.rs\/auto-skola\/wp-content\/uploads\/2021\/08\/auto-skola-beograd-2-436x291.jpg 436w\" sizes=\"(max-width: 1920px) 100vw, 1920px\" \/>\t\t\t\t\t\t\t\t\t\t\t\t\t\t\t<\/div>\n\t\t\t\t<\/div>\n\t\t\t\t<div class=\"elementor-element elementor-element-9d3b09d mobile-center-md elementor-widget elementor-widget-text-editor\" data-id=\"9d3b09d\" data-element_type=\"widget\" data-e-type=\"widget\" data-widget_type=\"text-editor.default\">\n\t\t\t\t<div class=\"elementor-widget-container\">\n\t\t\t\t\t\t\t\t\tLicima koja su do dana stupanja na snagu ovog zakona stekla pravo na upravljanje motornim vozilima, odnosno skupovima vozila odre\u0111ene kategorije, traktorima, radnim ma\u0161inama, motokultivatorima, biciklima sa motorom i tramvajima, na njihov zahtev izda\u0107e se voza\u010dka dozvola za upravljanje motornim vozilima, odnosno skupom vozila slede\u0107ih kategorija:\t\t\t\t\t\t\t\t<\/div>\n\t\t\t\t<\/div>\n\t\t\t\t\t<\/div>\n\t\t<\/div>\n\t\t\t\t<div class=\"elementor-column elementor-col-50 elementor-top-column elementor-element elementor-element-ad8789d\" data-id=\"ad8789d\" data-element_type=\"column\" data-e-type=\"column\">\n\t\t\t<div class=\"elementor-widget-wrap elementor-element-populated\">\n\t\t\t\t\t\t<div class=\"elementor-element elementor-element-d128ae1 elementor-widget elementor-widget-text-editor\" data-id=\"d128ae1\" data-element_type=\"widget\" data-e-type=\"widget\" data-widget_type=\"text-editor.default\">\n\t\t\t\t<div class=\"elementor-widget-container\">\n\t\t\t\t\t\t\t\t\t<ul class=\"list-icon offset-top\">\n \t<li><strong>A kategorije<\/strong> \u2013 voza\u010dka dozvola za upravljanje motornim vozilima kategorijeA,A1,A2,F,AM,M znakovi<\/li>\n \t<li><strong>B kategorije<\/strong> \u2013 voza\u010dka dozvola za upravljanje motornim vozilima kategorije B,B1,BE,F,AM,M<\/li>\n \t<li><strong>C kategorije<\/strong> \u2013 voza\u010dka dozvola za upravljanje motornim vozilima kategorije C,C1,B,B1,BE,F,AM,M<\/li>\n \t<li><strong>D kategorije<\/strong> \u2013 voza\u010dka dozvola za upravljanje motornim vozilima kategorije D,D1,C,C1,B,B1,BE,F,AM,M<\/li>\n \t<li>Potvrda o poznavanju saobra\u0107ajnih propisa \u2013 F,M i AM<\/li>\n \t<li><strong>C,D i E kategorije<\/strong> \u2013 voza\u010dka dozvola za upravljanje motornim vozilima kategorije BE,CE,C1E,DE,D1E<\/li>\n \t<li><strong>C i E kategorije<\/strong> \u2013 voza\u010dka dozvola za upravljanje motornim vozilima kategorije BE,CE,C1E<\/li>\n \t<li><strong>B i E kategorije<\/strong> \u2013 voza\u010dka dozvola za upravljanje motornim vozilima kategorije BE<\/li>\n \t<li><strong>Dozvola za voza\u010de traktora<\/strong> \u2013 voza\u010dka dozvola za upravljanje motornim vozilima kategorija F,M,AM<\/li>\n<\/ul>\t\t\t\t\t\t\t\t<\/div>\n\t\t\t\t<\/div>\n\t\t\t\t\t<\/div>\n\t\t<\/div>\n\t\t\t\t\t<\/div>\n\t\t<\/section>\n\t\t\t\t<section class=\"elementor-section elementor-top-section elementor-element elementor-element-9faf686 elementor-section-stretched elementor-section-full_width container-indent elementor-section-height-default elementor-section-height-default\" data-id=\"9faf686\" data-element_type=\"section\" data-e-type=\"section\" data-settings=\"{&quot;stretch_section&quot;:&quot;section-stretched&quot;}\">\n\t\t\t\t\t\t<div class=\"elementor-container elementor-column-gap-no\">\n\t\t\t\t\t<div class=\"elementor-column elementor-col-100 elementor-top-column elementor-element elementor-element-7940a29\" data-id=\"7940a29\" data-element_type=\"column\" data-e-type=\"column\">\n\t\t\t<div class=\"elementor-widget-wrap elementor-element-populated\">\n\t\t\t\t\t\t<div class=\"elementor-element elementor-element-e5dc9c0 elementor-widget elementor-widget-promo_banner\" data-id=\"e5dc9c0\" data-element_type=\"widget\" data-e-type=\"widget\" data-widget_type=\"promo_banner.default\">\n\t\t\t\t<div class=\"elementor-widget-container\">\n\t\t\t\t\t\t\t\t<div class=\"tt-promo-03\">\n\t\t\t\t<div class=\"container\">\n\t\t\t\t\t<div class=\"tt-description\">\n\t\t\t\t\t\t<h2 class=\"tt-title content_typography\"><span>Kazneni bodovi<\/span> se dobijaju <span>za gotovo sve,<\/span><\/h2>\n\t\t\t\t\t\t<div >osim za najlak\u0161e prekr\u0161aje, s tim \u0161to broj bodova zavisi od te\u017eine prekr\u0161aja.\t\t\t\t\t\t<\/div>\n\t\t\t\t\t\t<address >\n\t\t\t\t\t\t\tKAZNENI POENI\t\t\t\t\t\t<\/address>\n\t\t\t\t\t\t\t\t\t\t\t\t\t<img decoding=\"async\" class=\"tt-icon\" src=\"https:\/\/www.tutto.rs\/auto-skola\/wp-content\/uploads\/2017\/10\/tt-promo-03-icon.png\" alt=\"icon\">\t\t\t\t\t<\/div>\n\t\t\t\t<\/div>\n\t\t\t<\/div>\n\t\t\t\t\t\t<\/div>\n\t\t\t\t<\/div>\n\t\t\t\t\t<\/div>\n\t\t<\/div>\n\t\t\t\t\t<\/div>\n\t\t<\/section>\n\t\t\t\t<section class=\"elementor-section elementor-top-section elementor-element elementor-element-ae289a6 elementor-section-boxed elementor-section-height-default elementor-section-height-default\" data-id=\"ae289a6\" data-element_type=\"section\" data-e-type=\"section\">\n\t\t\t\t\t\t<div class=\"elementor-container elementor-column-gap-default\">\n\t\t\t\t\t<div class=\"elementor-column elementor-col-100 elementor-top-column elementor-element elementor-element-7adce20\" data-id=\"7adce20\" data-element_type=\"column\" data-e-type=\"column\">\n\t\t\t<div class=\"elementor-widget-wrap elementor-element-populated\">\n\t\t\t\t\t\t<div class=\"elementor-element elementor-element-670b10d elementor-widget elementor-widget-text-editor\" data-id=\"670b10d\" data-element_type=\"widget\" data-e-type=\"widget\" data-widget_type=\"text-editor.default\">\n\t\t\t\t<div class=\"elementor-widget-container\">\n\t\t\t\t\t\t\t\t\t<p><strong>Osim nov\u010danih i zatvorskih kazni, uvode se i takozvani kazneni poeni, tako se voza\u010du za u\u010dinjene prekr\u0161aje bele\u017ee kazneni poeni, a ako \u201csakupi\u201d odre\u0111eni broj poena, slede odre\u0111ene mere, koje mogu da podrazumevaju i trajno oduzimanje voza\u010dke dozvole.<\/strong><\/p><ul class=\"list-icon offset-top\"><li>Recimo, za prekora\u010denje brzine od 31 do 50 km\/h van naseljenog mesta, dobijaju se tri kaznena poena, za prekora\u010denje od 51 do 70 km\/h \u2013 \u0161est kaznenih poena a za izazivanje nezgode nasilni\u010dkom vo\u017enjom \u2013 18 kaznenih poena.<\/li><li>Prema broju poena koje je \u201csakupio\u201d, voza\u010d se svrstava u jednu od kategorija, koje podrazumevaju i odre\u0111ene obaveze i kazne.<\/li><li>Voza\u010d koji ima od 14 do 17 kaznenih bodova spada u kategoriju \u201copasan voza\u010d\u201d i privremeno mu se oduzima voza\u010dka dozvola. On je obavezan da ide na psihijatrijski i psihofizicki pregled i da poha\u0111a poseban seminar o bezbednosti saobra\u0107aja, i tek posle toga mu se vra\u0107a voza\u010dka dozvola.<\/li><\/ul>\t\t\t\t\t\t\t\t<\/div>\n\t\t\t\t<\/div>\n\t\t\t\t<div class=\"elementor-element elementor-element-b108137 elementor-widget elementor-widget-text-editor\" data-id=\"b108137\" data-element_type=\"widget\" data-e-type=\"widget\" data-widget_type=\"text-editor.default\">\n\t\t\t\t<div class=\"elementor-widget-container\">\n\t\t\t\t\t\t\t\t\t<strong>Jo\u0161 su te\u017ee posledice za one koji sakupe 18 i vi\u0161e poena, \u010dime ulaze u kategoriju voza\u010da nepodobnih za upravljanje motornim vozilom.<\/strong>\n<ul class=\"list-icon offset-top\">\n \t<li>Njima se voza\u010dka dozvola poni\u0161tava, pa moraju ponovo da idu na obuku i polaganje voza\u010dkog ispita. Pre ponovne obuke, du\u017eni su da se podvrgnu psihofizi\u010dkom pregledu i da poha\u0111aju seminar o bezbednom pona\u0161anju u saobra\u0107aju.<\/li>\n<\/ul>\t\t\t\t\t\t\t\t<\/div>\n\t\t\t\t<\/div>\n\t\t\t\t<div class=\"elementor-element elementor-element-59d64c5 mobile-center-md elementor-widget elementor-widget-text-editor\" data-id=\"59d64c5\" data-element_type=\"widget\" data-e-type=\"widget\" data-widget_type=\"text-editor.default\">\n\t\t\t\t<div class=\"elementor-widget-container\">\n\t\t\t\t\t\t\t\t\t<strong>Voza\u010d kojem je tri puta poni\u0161tena voza\u010dka dozvola, vi\u0161e nema pravo da dobije novu i trajno gubi mogu\u0107nost da upravlja mtoornim vozilom.<\/strong>\t\t\t\t\t\t\t\t<\/div>\n\t\t\t\t<\/div>\n\t\t\t\t<div class=\"elementor-element elementor-element-7b3180b elementor-widget elementor-widget-text-editor\" data-id=\"7b3180b\" data-element_type=\"widget\" data-e-type=\"widget\" data-widget_type=\"text-editor.default\">\n\t\t\t\t<div class=\"elementor-widget-container\">\n\t\t\t\t\t\t\t\t\t\n\nNovi ZOBS uvodi pojam <strong>nasilni\u010dke vo\u017enje<\/strong>, koja je definisana kao vo\u017enja kojom se grubo kr\u0161e pravila saobra\u0107aja i tokom koje vozac ne pokazuje obzir prema bezbednosti drugih u\u010desnika u saobra\u0107aju. U to spadaju vi\u0161e prolazaka kroz crveno svetlo i prekora\u010denje dozvoljene brzine za vi\u0161e od 50 km\/h u gradu i preko 70 km\/h van grada.<ul class=\"list-icon offset-top\">\n \t<li>Voza\u010du koji nasilni\u010dki vozi, policija ima pravo da privremeno (do 48 sati) oduzme voza\u010dku dozvolu.<\/li>\n \t<li>Ako pri nasilni\u010dkoj vo\u017enji na\u010dini prekr\u0161aj, voza\u010d \u0107e biti ka\u017enjen zatvorom od 45 do 60 dana i dobi\u0107e 18 kaznenih bodova, sto znaci da mu se poni\u0161tava voza\u010dka dozvola, tako da mora ponovo da ide na obuku i polaganje voza\u010dkog ispita.<\/li>\n<\/ul>\t\t\t\t\t\t\t\t<\/div>\n\t\t\t\t<\/div>\n\t\t\t\t\t<\/div>\n\t\t<\/div>\n\t\t\t\t\t<\/div>\n\t\t<\/section>\n\t\t\t\t<\/div>\n\t\t","protected":false},"excerpt":{"rendered":"<p>Nau\u010di da vozi\u0161 bezbedno Na\u0161a Auto \u0161kola \u0107e Vam omogu\u0107iti da u komfornim vozilima i prijatnom ambijentu vozite i u\u010dite vo\u017enju, uz konstantnu pa\u017enju i bezbednosne savete na\u0161ih instruktora. Upi\u0161i onlajn Licima koja su do dana stupanja na snagu ovog zakona stekla pravo na upravljanje motornim vozilima, odnosno skupovima vozila odre\u0111ene kategorije, traktorima, radnim ma\u0161inama, [&hellip;]<\/p>\n","protected":false},"author":1,"featured_media":0,"parent":0,"menu_order":0,"comment_status":"closed","ping_status":"closed","template":"","meta":{"footnotes":""},"class_list":["post-15","page","type-page","status-publish","hentry"],"yoast_head":"<!-- This site is optimized with the Yoast SEO plugin v27.1.1 - https:\/\/yoast.com\/product\/yoast-seo-wordpress\/ -->\n<title>Bezbednost | TUTTO Auto \u0161kola Beograd %<\/title>\n<meta name=\"description\" content=\"Na\u0161a Auto \u0161kola \u0107e Vam omogu\u0107iti da se va\u0161a obuka za voza\u010da odvija u bezbednim i komfornim vozilima, uz nadzor iskusnih instruktora.\" \/>\n<meta name=\"robots\" content=\"index, follow, max-snippet:-1, max-image-preview:large, max-video-preview:-1\" \/>\n<link rel=\"canonical\" href=\"https:\/\/www.tutto.rs\/auto-skola\/bezbednost\/\" \/>\n<meta property=\"og:locale\" content=\"en_US\" \/>\n<meta property=\"og:type\" content=\"article\" \/>\n<meta property=\"og:title\" content=\"Bezbednost | TUTTO Auto \u0161kola Beograd %\" \/>\n<meta property=\"og:description\" content=\"Na\u0161a Auto \u0161kola \u0107e Vam omogu\u0107iti da se va\u0161a obuka za voza\u010da odvija u bezbednim i komfornim vozilima, uz nadzor iskusnih instruktora.\" \/>\n<meta property=\"og:url\" content=\"https:\/\/www.tutto.rs\/auto-skola\/bezbednost\/\" \/>\n<meta property=\"og:site_name\" content=\"TUTTO Auto \u0161kola\" \/>\n<meta property=\"article:modified_time\" content=\"2025-05-17T09:45:31+00:00\" \/>\n<meta property=\"og:image\" content=\"https:\/\/www.tutto.rs\/auto-skola\/wp-content\/uploads\/2021\/08\/auto-skola-beograd-2.jpg\" \/>\n\t<meta property=\"og:image:width\" content=\"1920\" \/>\n\t<meta property=\"og:image:height\" content=\"1282\" \/>\n\t<meta property=\"og:image:type\" content=\"image\/jpeg\" \/>\n<meta name=\"twitter:card\" content=\"summary_large_image\" \/>\n<meta name=\"twitter:label1\" content=\"Est. reading time\" \/>\n\t<meta name=\"twitter:data1\" content=\"3 minutes\" \/>\n<script type=\"application\/ld+json\" class=\"yoast-schema-graph\">{\"@context\":\"https:\/\/schema.org\",\"@graph\":[{\"@type\":\"WebPage\",\"@id\":\"https:\/\/www.tutto.rs\/auto-skola\/bezbednost\/\",\"url\":\"https:\/\/www.tutto.rs\/auto-skola\/bezbednost\/\",\"name\":\"Bezbednost | TUTTO Auto \u0161kola Beograd %\",\"isPartOf\":{\"@id\":\"https:\/\/www.tutto.rs\/auto-skola\/#website\"},\"primaryImageOfPage\":{\"@id\":\"https:\/\/www.tutto.rs\/auto-skola\/bezbednost\/#primaryimage\"},\"image\":{\"@id\":\"https:\/\/www.tutto.rs\/auto-skola\/bezbednost\/#primaryimage\"},\"thumbnailUrl\":\"https:\/\/www.tutto.rs\/auto-skola\/wp-content\/uploads\/2021\/08\/auto-skola-beograd-2.jpg\",\"datePublished\":\"2021-07-26T18:21:21+00:00\",\"dateModified\":\"2025-05-17T09:45:31+00:00\",\"description\":\"Na\u0161a Auto \u0161kola \u0107e Vam omogu\u0107iti da se va\u0161a obuka za voza\u010da odvija u bezbednim i komfornim vozilima, uz nadzor iskusnih instruktora.\",\"breadcrumb\":{\"@id\":\"https:\/\/www.tutto.rs\/auto-skola\/bezbednost\/#breadcrumb\"},\"inLanguage\":\"en-US\",\"potentialAction\":[{\"@type\":\"ReadAction\",\"target\":[\"https:\/\/www.tutto.rs\/auto-skola\/bezbednost\/\"]}]},{\"@type\":\"ImageObject\",\"inLanguage\":\"en-US\",\"@id\":\"https:\/\/www.tutto.rs\/auto-skola\/bezbednost\/#primaryimage\",\"url\":\"https:\/\/www.tutto.rs\/auto-skola\/wp-content\/uploads\/2021\/08\/auto-skola-beograd-2.jpg\",\"contentUrl\":\"https:\/\/www.tutto.rs\/auto-skola\/wp-content\/uploads\/2021\/08\/auto-skola-beograd-2.jpg\",\"width\":1920,\"height\":1282},{\"@type\":\"BreadcrumbList\",\"@id\":\"https:\/\/www.tutto.rs\/auto-skola\/bezbednost\/#breadcrumb\",\"itemListElement\":[{\"@type\":\"ListItem\",\"position\":1,\"name\":\"Home\",\"item\":\"https:\/\/www.tutto.rs\/auto-skola\/\"},{\"@type\":\"ListItem\",\"position\":2,\"name\":\"Bezbednost\"}]},{\"@type\":\"WebSite\",\"@id\":\"https:\/\/www.tutto.rs\/auto-skola\/#website\",\"url\":\"https:\/\/www.tutto.rs\/auto-skola\/\",\"name\":\"TUTTO Auto \u0160kola\",\"description\":\"Obuka voza\u010da za sve kategorije vozila\",\"publisher\":{\"@id\":\"https:\/\/www.tutto.rs\/auto-skola\/#organization\"},\"alternateName\":\"Auto \u0160kola\",\"potentialAction\":[{\"@type\":\"SearchAction\",\"target\":{\"@type\":\"EntryPoint\",\"urlTemplate\":\"https:\/\/www.tutto.rs\/auto-skola\/?s={search_term_string}\"},\"query-input\":{\"@type\":\"PropertyValueSpecification\",\"valueRequired\":true,\"valueName\":\"search_term_string\"}}],\"inLanguage\":\"en-US\"},{\"@type\":\"Organization\",\"@id\":\"https:\/\/www.tutto.rs\/auto-skola\/#organization\",\"name\":\"TUTTO Auto \u0160kola\",\"alternateName\":\"Auto \u0160kola\",\"url\":\"https:\/\/www.tutto.rs\/auto-skola\/\",\"logo\":{\"@type\":\"ImageObject\",\"inLanguage\":\"en-US\",\"@id\":\"https:\/\/www.tutto.rs\/auto-skola\/#\/schema\/logo\/image\/\",\"url\":\"https:\/\/www.tutto.rs\/auto-skola\/wp-content\/uploads\/2021\/07\/teretana-tutto.png\",\"contentUrl\":\"https:\/\/www.tutto.rs\/auto-skola\/wp-content\/uploads\/2021\/07\/teretana-tutto.png\",\"width\":500,\"height\":500,\"caption\":\"TUTTO Auto \u0160kola\"},\"image\":{\"@id\":\"https:\/\/www.tutto.rs\/auto-skola\/#\/schema\/logo\/image\/\"}}]}<\/script>\n<!-- \/ Yoast SEO plugin. -->","yoast_head_json":{"title":"Bezbednost | TUTTO Auto \u0161kola Beograd %","description":"Na\u0161a Auto \u0161kola \u0107e Vam omogu\u0107iti da se va\u0161a obuka za voza\u010da odvija u bezbednim i komfornim vozilima, uz nadzor iskusnih instruktora.","robots":{"index":"index","follow":"follow","max-snippet":"max-snippet:-1","max-image-preview":"max-image-preview:large","max-video-preview":"max-video-preview:-1"},"canonical":"https:\/\/www.tutto.rs\/auto-skola\/bezbednost\/","og_locale":"en_US","og_type":"article","og_title":"Bezbednost | TUTTO Auto \u0161kola Beograd %","og_description":"Na\u0161a Auto \u0161kola \u0107e Vam omogu\u0107iti da se va\u0161a obuka za voza\u010da odvija u bezbednim i komfornim vozilima, uz nadzor iskusnih instruktora.","og_url":"https:\/\/www.tutto.rs\/auto-skola\/bezbednost\/","og_site_name":"TUTTO Auto \u0161kola","article_modified_time":"2025-05-17T09:45:31+00:00","og_image":[{"width":1920,"height":1282,"url":"https:\/\/www.tutto.rs\/auto-skola\/wp-content\/uploads\/2021\/08\/auto-skola-beograd-2.jpg","type":"image\/jpeg"}],"twitter_card":"summary_large_image","twitter_misc":{"Est. reading time":"3 minutes"},"schema":{"@context":"https:\/\/schema.org","@graph":[{"@type":"WebPage","@id":"https:\/\/www.tutto.rs\/auto-skola\/bezbednost\/","url":"https:\/\/www.tutto.rs\/auto-skola\/bezbednost\/","name":"Bezbednost | TUTTO Auto \u0161kola Beograd %","isPartOf":{"@id":"https:\/\/www.tutto.rs\/auto-skola\/#website"},"primaryImageOfPage":{"@id":"https:\/\/www.tutto.rs\/auto-skola\/bezbednost\/#primaryimage"},"image":{"@id":"https:\/\/www.tutto.rs\/auto-skola\/bezbednost\/#primaryimage"},"thumbnailUrl":"https:\/\/www.tutto.rs\/auto-skola\/wp-content\/uploads\/2021\/08\/auto-skola-beograd-2.jpg","datePublished":"2021-07-26T18:21:21+00:00","dateModified":"2025-05-17T09:45:31+00:00","description":"Na\u0161a Auto \u0161kola \u0107e Vam omogu\u0107iti da se va\u0161a obuka za voza\u010da odvija u bezbednim i komfornim vozilima, uz nadzor iskusnih instruktora.","breadcrumb":{"@id":"https:\/\/www.tutto.rs\/auto-skola\/bezbednost\/#breadcrumb"},"inLanguage":"en-US","potentialAction":[{"@type":"ReadAction","target":["https:\/\/www.tutto.rs\/auto-skola\/bezbednost\/"]}]},{"@type":"ImageObject","inLanguage":"en-US","@id":"https:\/\/www.tutto.rs\/auto-skola\/bezbednost\/#primaryimage","url":"https:\/\/www.tutto.rs\/auto-skola\/wp-content\/uploads\/2021\/08\/auto-skola-beograd-2.jpg","contentUrl":"https:\/\/www.tutto.rs\/auto-skola\/wp-content\/uploads\/2021\/08\/auto-skola-beograd-2.jpg","width":1920,"height":1282},{"@type":"BreadcrumbList","@id":"https:\/\/www.tutto.rs\/auto-skola\/bezbednost\/#breadcrumb","itemListElement":[{"@type":"ListItem","position":1,"name":"Home","item":"https:\/\/www.tutto.rs\/auto-skola\/"},{"@type":"ListItem","position":2,"name":"Bezbednost"}]},{"@type":"WebSite","@id":"https:\/\/www.tutto.rs\/auto-skola\/#website","url":"https:\/\/www.tutto.rs\/auto-skola\/","name":"TUTTO Auto \u0160kola","description":"Obuka voza\u010da za sve kategorije vozila","publisher":{"@id":"https:\/\/www.tutto.rs\/auto-skola\/#organization"},"alternateName":"Auto \u0160kola","potentialAction":[{"@type":"SearchAction","target":{"@type":"EntryPoint","urlTemplate":"https:\/\/www.tutto.rs\/auto-skola\/?s={search_term_string}"},"query-input":{"@type":"PropertyValueSpecification","valueRequired":true,"valueName":"search_term_string"}}],"inLanguage":"en-US"},{"@type":"Organization","@id":"https:\/\/www.tutto.rs\/auto-skola\/#organization","name":"TUTTO Auto \u0160kola","alternateName":"Auto \u0160kola","url":"https:\/\/www.tutto.rs\/auto-skola\/","logo":{"@type":"ImageObject","inLanguage":"en-US","@id":"https:\/\/www.tutto.rs\/auto-skola\/#\/schema\/logo\/image\/","url":"https:\/\/www.tutto.rs\/auto-skola\/wp-content\/uploads\/2021\/07\/teretana-tutto.png","contentUrl":"https:\/\/www.tutto.rs\/auto-skola\/wp-content\/uploads\/2021\/07\/teretana-tutto.png","width":500,"height":500,"caption":"TUTTO Auto \u0160kola"},"image":{"@id":"https:\/\/www.tutto.rs\/auto-skola\/#\/schema\/logo\/image\/"}}]}},"_links":{"self":[{"href":"https:\/\/www.tutto.rs\/auto-skola\/wp-json\/wp\/v2\/pages\/15","targetHints":{"allow":["GET"]}}],"collection":[{"href":"https:\/\/www.tutto.rs\/auto-skola\/wp-json\/wp\/v2\/pages"}],"about":[{"href":"https:\/\/www.tutto.rs\/auto-skola\/wp-json\/wp\/v2\/types\/page"}],"author":[{"embeddable":true,"href":"https:\/\/www.tutto.rs\/auto-skola\/wp-json\/wp\/v2\/users\/1"}],"replies":[{"embeddable":true,"href":"https:\/\/www.tutto.rs\/auto-skola\/wp-json\/wp\/v2\/comments?post=15"}],"version-history":[{"count":0,"href":"https:\/\/www.tutto.rs\/auto-skola\/wp-json\/wp\/v2\/pages\/15\/revisions"}],"wp:attachment":[{"href":"https:\/\/www.tutto.rs\/auto-skola\/wp-json\/wp\/v2\/media?parent=15"}],"curies":[{"name":"wp","href":"https:\/\/api.w.org\/{rel}","templated":true}]}}